{"id":481,"date":"2023-05-05T04:31:23","date_gmt":"2023-05-05T04:31:23","guid":{"rendered":"https:\/\/mebenedetto.com\/blog\/?page_id=481"},"modified":"2024-08-26T19:10:35","modified_gmt":"2024-08-26T19:10:35","slug":"que-es-este-blog","status":"publish","type":"page","link":"https:\/\/mebenedetto.com\/blog\/que-es-este-blog\/","title":{"rendered":"Qu\u00e9 es este blog?"},"content":{"rendered":"\n<p>Hola \ud83d\udc4b, soy Matias y este es mi blog personal. Lo escribo, m\u00e1s que para que sea le\u00eddo, porque quiero que sea escrito. Para pensar, recordar, aprender, documentar, investigar. Es un ejercicio m\u00e1s que algo terminado. Si algo de lo que escribo o comparto te sirve, bienvenido sea, pero no es el principal objetivo de este conjunto de notas llamada blog servir a otras personas.<\/p>\n\n\n\n<p>Escribir\u00e9 tanto en castellano como en ingl\u00e9s para realizar las operaciones antes mencionadas en los dos idiomas que manejo. Si logro aprender alg\u00fan otro idioma tambi\u00e9n lo practicar\u00e9 aqu\u00ed. La elecci\u00f3n del idioma, seguramente, depender\u00e1 del tema sobre el que est\u00e9 escribiendo y los materiales en los que me base.<\/p>\n","protected":false},"excerpt":{"rendered":"<p>Hola \ud83d\udc4b, soy Matias y este es mi blog personal. Lo escribo, m\u00e1s que para que sea le\u00eddo, porque quiero que sea escrito. Para pensar, recordar, aprender, documentar, investigar. Es un ejercicio m\u00e1s que algo terminado. Si algo de lo que escribo o comparto te sirve, bienvenido sea, pero no es el principal objetivo de [&hellip;]<\/p>\n","protected":false},"author":1,"featured_media":112,"parent":0,"menu_order":0,"comment_status":"closed","ping_status":"closed","template":"","meta":{"footnotes":""},"class_list":["post-481","page","type-page","status-publish","has-post-thumbnail","hentry"],"_links":{"self":[{"href":"https:\/\/mebenedetto.com\/blog\/wp-json\/wp\/v2\/pages\/481","targetHints":{"allow":["GET"]}}],"collection":[{"href":"https:\/\/mebenedetto.com\/blog\/wp-json\/wp\/v2\/pages"}],"about":[{"href":"https:\/\/mebenedetto.com\/blog\/wp-json\/wp\/v2\/types\/page"}],"author":[{"embeddable":true,"href":"https:\/\/mebenedetto.com\/blog\/wp-json\/wp\/v2\/users\/1"}],"replies":[{"embeddable":true,"href":"https:\/\/mebenedetto.com\/blog\/wp-json\/wp\/v2\/comments?post=481"}],"version-history":[{"count":7,"href":"https:\/\/mebenedetto.com\/blog\/wp-json\/wp\/v2\/pages\/481\/revisions"}],"predecessor-version":[{"id":1090,"href":"https:\/\/mebenedetto.com\/blog\/wp-json\/wp\/v2\/pages\/481\/revisions\/1090"}],"wp:featuredmedia":[{"embeddable":true,"href":"https:\/\/mebenedetto.com\/blog\/wp-json\/wp\/v2\/media\/112"}],"wp:attachment":[{"href":"https:\/\/mebenedetto.com\/blog\/wp-json\/wp\/v2\/media?parent=481"}],"curies":[{"name":"wp","href":"https:\/\/api.w.org\/{rel}","templated":true}]}}